{"id":186,"date":"2022-11-07T08:07:07","date_gmt":"2022-11-07T08:07:07","guid":{"rendered":"http:\/\/clinicordisbrasilia.com.br\/?page_id=186"},"modified":"2023-08-05T18:58:12","modified_gmt":"2023-08-05T18:58:12","slug":"quem-somos","status":"publish","type":"page","link":"https:\/\/clinicordisbrasilia.com.br\/?page_id=186","title":{"rendered":"Quem somos"},"content":{"rendered":"\t\t<div data-elementor-type=\"wp-page\" data-elementor-id=\"186\" class=\"elementor elementor-186\">\n\t\t\t\t\t\t\t\t\t<section class=\"elementor-section elementor-top-section elementor-element elementor-element-15079bb7 elementor-section-boxed elementor-section-height-default elementor-section-height-default\" data-id=\"15079bb7\" data-element_type=\"section\" data-settings=\"{&quot;background_background&quot;:&quot;classic&quot;}\">\n\t\t\t\t\t\t\t<div class=\"elementor-background-overlay\"><\/div>\n\t\t\t\t\t\t\t<div class=\"elementor-container elementor-column-gap-default\">\n\t\t\t\t\t<div class=\"elementor-column elementor-col-100 elementor-top-column elementor-element elementor-element-5a17d7cc\" data-id=\"5a17d7cc\" data-element_type=\"column\" data-settings=\"{&quot;background_background&quot;:&quot;classic&quot;}\">\n\t\t\t<div class=\"elementor-widget-wrap elementor-element-populated\">\n\t\t\t\t\t\t\t\t<div class=\"elementor-element elementor-element-186606a elementor-widget elementor-widget-heading\" data-id=\"186606a\" data-element_type=\"widget\" data-widget_type=\"heading.default\">\n\t\t\t\t<div class=\"elementor-widget-container\">\n\t\t\t<h1 class=\"elementor-heading-title elementor-size-default\">Quem somos<\/h1>\t\t<\/div>\n\t\t\t\t<\/div>\n\t\t\t\t\t<\/div>\n\t\t<\/div>\n\t\t\t\t\t\t\t<\/div>\n\t\t<\/section>\n\t\t\t\t<section class=\"elementor-section elementor-top-section elementor-element elementor-element-15e77fd1 elementor-section-boxed elementor-section-height-default elementor-section-height-default\" data-id=\"15e77fd1\" data-element_type=\"section\" data-settings=\"{&quot;background_background&quot;:&quot;classic&quot;}\">\n\t\t\t\t\t\t<div class=\"elementor-container elementor-column-gap-default\">\n\t\t\t\t\t<div class=\"elementor-column elementor-col-100 elementor-top-column elementor-element elementor-element-62b520e1\" data-id=\"62b520e1\" data-element_type=\"column\">\n\t\t\t<div class=\"elementor-widget-wrap elementor-element-populated\">\n\t\t\t\t\t\t\t\t<div class=\"elementor-element elementor-element-6a32327d elementor-icon-list--layout-inline elementor-list-item-link-full_width elementor-widget elementor-widget-icon-list\" data-id=\"6a32327d\" data-element_type=\"widget\" data-widget_type=\"icon-list.default\">\n\t\t\t\t<div class=\"elementor-widget-container\">\n\t\t\t\t\t<ul class=\"elementor-icon-list-items elementor-inline-items\">\n\t\t\t\t\t\t\t<li class=\"elementor-icon-list-item elementor-inline-item\">\n\t\t\t\t\t\t\t\t\t\t<span class=\"elementor-icon-list-text\">Home<\/span>\n\t\t\t\t\t\t\t\t\t<\/li>\n\t\t\t\t\t\t\t\t<li class=\"elementor-icon-list-item elementor-inline-item\">\n\t\t\t\t\t\t\t\t\t\t\t<span class=\"elementor-icon-list-icon\">\n\t\t\t\t\t\t\t<i aria-hidden=\"true\" class=\"fas fa-chevron-right\"><\/i>\t\t\t\t\t\t<\/span>\n\t\t\t\t\t\t\t\t\t\t<span class=\"elementor-icon-list-text\">Quem somos<\/span>\n\t\t\t\t\t\t\t\t\t<\/li>\n\t\t\t\t\t\t<\/ul>\n\t\t\t\t<\/div>\n\t\t\t\t<\/div>\n\t\t\t\t\t<\/div>\n\t\t<\/div>\n\t\t\t\t\t\t\t<\/div>\n\t\t<\/section>\n\t\t\t\t<section class=\"elementor-section elementor-top-section elementor-element elementor-element-5b6f045d elementor-section-boxed elementor-section-height-default elementor-section-height-default\" data-id=\"5b6f045d\" data-element_type=\"section\">\n\t\t\t\t\t\t<div class=\"elementor-container elementor-column-gap-default\">\n\t\t\t\t\t<div class=\"elementor-column elementor-col-50 elementor-top-column elementor-element elementor-element-57e2fde5\" data-id=\"57e2fde5\" data-element_type=\"column\">\n\t\t\t<div class=\"elementor-widget-wrap elementor-element-populated\">\n\t\t\t\t\t\t\t\t<div class=\"elementor-element elementor-element-246ddaaa elementor-widget elementor-widget-image\" data-id=\"246ddaaa\" data-element_type=\"widget\" data-widget_type=\"image.default\">\n\t\t\t\t<div class=\"elementor-widget-container\">\n\t\t\t\t\t\t\t\t\t\t\t\t\t\t\t<img fetchpriority=\"high\" decoding=\"async\" width=\"2560\" height=\"1920\" src=\"https:\/\/clinicordisbrasilia.com.br\n\/wp-content\/uploads\/2022\/11\/20221028_141847-scaled.jpg\" class=\"attachment-full size-full wp-image-206\" alt=\"\" srcset=\"http:\/\/clinicordisbrasilia.com.br\n\/wp-content\/uploads\/2022\/11\/20221028_141847-scaled.jpg 2560w, http:\/\/clinicordisbrasilia.com.br\n\/wp-content\/uploads\/2022\/11\/20221028_141847-300x225.jpg 300w, http:\/\/clinicordisbrasilia.com.br\n\/wp-content\/uploads\/2022\/11\/20221028_141847-1024x768.jpg 1024w, http:\/\/clinicordisbrasilia.com.br\n\/wp-content\/uploads\/2022\/11\/20221028_141847-768x576.jpg 768w, http:\/\/clinicordisbrasilia.com.br\n\/wp-content\/uploads\/2022\/11\/20221028_141847-1536x1152.jpg 1536w, http:\/\/clinicordisbrasilia.com.br\n\/wp-content\/uploads\/2022\/11\/20221028_141847-2048x1536.jpg 2048w\" sizes=\"(max-width: 2560px) 100vw, 2560px\" \/>\t\t\t\t\t\t\t\t\t\t\t\t\t\t\t<\/div>\n\t\t\t\t<\/div>\n\t\t\t\t\t<\/div>\n\t\t<\/div>\n\t\t\t\t<div class=\"elementor-column elementor-col-50 elementor-top-column elementor-element elementor-element-50b025f6\" data-id=\"50b025f6\" data-element_type=\"column\">\n\t\t\t<div class=\"elementor-widget-wrap elementor-element-populated\">\n\t\t\t\t\t\t\t\t<div class=\"elementor-element elementor-element-4be9b717 elementor-widget elementor-widget-heading\" data-id=\"4be9b717\" data-element_type=\"widget\" data-widget_type=\"heading.default\">\n\t\t\t\t<div class=\"elementor-widget-container\">\n\t\t\t<h6 class=\"elementor-heading-title elementor-size-default\">Sobre n\u00f3s<\/h6>\t\t<\/div>\n\t\t\t\t<\/div>\n\t\t\t\t<div class=\"elementor-element elementor-element-6f673148 elementor-widget elementor-widget-heading\" data-id=\"6f673148\" data-element_type=\"widget\" data-widget_type=\"heading.default\">\n\t\t\t\t<div class=\"elementor-widget-container\">\n\t\t\t<h2 class=\"elementor-heading-title elementor-size-default\">Cl\u00ednica refer\u00eancia em Cardiologia no DF h\u00e1 mais de 17 anos!\n<\/h2>\t\t<\/div>\n\t\t\t\t<\/div>\n\t\t\t\t<div class=\"elementor-element elementor-element-67ae9583 elementor-widget elementor-widget-text-editor\" data-id=\"67ae9583\" data-element_type=\"widget\" data-widget_type=\"text-editor.default\">\n\t\t\t\t<div class=\"elementor-widget-container\">\n\t\t\t\t\t\t\t<p>A CLINICORDIS BRASILIA CLINICA CARDIOL\u00d3GICA foi fundada em julho de 2006, fruto da parceria do Dr. Getro Artiaga(Em mem\u00f3ria) e da Dra. Margarita Bazzano.&nbsp;<\/p>\n<p><span style=\"color: var( --e-global-color-dea41e4 ); font-family: var( --e-global-typography-b2ce6af-font-family ), Sans-serif; font-size: var( --e-global-typography-b2ce6af-font-size ); letter-spacing: var( --e-global-typography-b2ce6af-letter-spacing ); word-spacing: var( --e-global-typography-b2ce6af-word-spacing );\">Buscamos oferecer um atendimento humanizado e com isso tratar o indiv\u00edduo em sua totalidade.<\/span><\/p>\n<p><span style=\"color: var( --e-global-color-dea41e4 ); font-family: var( --e-global-typography-b2ce6af-font-family ), Sans-serif; font-size: var( --e-global-typography-b2ce6af-font-size ); letter-spacing: var( --e-global-typography-b2ce6af-letter-spacing ); word-spacing: var( --e-global-typography-b2ce6af-word-spacing );\">Para isso, contamos com equipe de especialistas altamente qualificados com larga experi\u00eancia profissional.<\/span><\/p>\n<p><span style=\"color: var( --e-global-color-dea41e4 ); font-family: var( --e-global-typography-b2ce6af-font-family ), Sans-serif; font-size: var( --e-global-typography-b2ce6af-font-size ); letter-spacing: var( --e-global-typography-b2ce6af-letter-spacing ); word-spacing: var( --e-global-typography-b2ce6af-word-spacing );\">Primamos pela satisfa\u00e7\u00e3o dos nossos clientes.<\/span><br><\/p>\n<p><span style=\"color: var( --e-global-color-dea41e4 ); font-family: var( --e-global-typography-b2ce6af-font-family ), Sans-serif; font-size: var( --e-global-typography-b2ce6af-font-size ); letter-spacing: var( --e-global-typography-b2ce6af-letter-spacing ); word-spacing: var( --e-global-typography-b2ce6af-word-spacing );\"><br><\/span><\/p>\n<p><span style=\"color: var( --e-global-color-dea41e4 ); font-family: var( --e-global-typography-b2ce6af-font-family ), Sans-serif; font-size: var( --e-global-typography-b2ce6af-font-size ); letter-spacing: var( --e-global-typography-b2ce6af-letter-spacing ); word-spacing: var( --e-global-typography-b2ce6af-word-spacing );\"><br><\/span><\/p>\t\t\t\t\t\t<\/div>\n\t\t\t\t<\/div>\n\t\t\t\t<section class=\"elementor-section elementor-inner-section elementor-element elementor-element-3e27a70f elementor-section-boxed elementor-section-height-default elementor-section-height-default\" data-id=\"3e27a70f\" data-element_type=\"section\">\n\t\t\t\t\t\t<div class=\"elementor-container elementor-column-gap-default\">\n\t\t\t\t\t<div class=\"elementor-column elementor-col-50 elementor-inner-column elementor-element elementor-element-69d0718b\" data-id=\"69d0718b\" data-element_type=\"column\">\n\t\t\t<div class=\"elementor-widget-wrap elementor-element-populated\">\n\t\t\t\t\t\t\t\t<div class=\"elementor-element elementor-element-48e53fdc elementor-widget elementor-widget-premium-counter\" data-id=\"48e53fdc\" data-element_type=\"widget\" data-widget_type=\"premium-counter.default\">\n\t\t\t\t<div class=\"elementor-widget-container\">\n\t\t\t\r\n\t\t<div class=\"premium-counter premium-counter-area left\" data-duration=\"3000\" data-from-value=\"0\" data-to-value=\"15\" data-delimiter=\",\" data-rounding=\"0\">\r\n\t\t\t\r\n\t\t<div class=\"premium-counter-icon\">\r\n\r\n\t\t\t<span class=\"icon\" data-animation=\"\">\r\n\r\n\t\t\t\t\t\t\t\t\t<i class=\"premium-svg-nodraw premium-drawable-icon icon icon-medicine-1\" aria-hidden=\"true\"><\/i>\r\n\t\t\t\t\r\n\t\t\t<\/span>\r\n\t\t<\/div>\r\n\r\n\t\t\r\n\t\t<div class=\"premium-init-wrapper column\">\r\n\r\n\t\t\t<div class=\"premium-counter-value-wrap\">\r\n\t\t\t\t\r\n\t\t\t\t<span class=\"premium-counter-init\" id=\"counter-48e53fdc\">0<\/span>\r\n\r\n\t\t\t\t\t\t\t\t\t<span id=\"suffix\" class=\"counter-su-pre\">+<\/span>\r\n\t\t\t\t\t\t\t<\/div>\r\n\r\n\t\t\t\t\t\t\t<div class=\"premium-counter-title\">\r\n\t\t\t\t\t<p class=\"premium-counter-title-val\">\r\n\t\t\t\t\t\tAnos de experi\u00eancia e presta\u00e7\u00e3o de servi\u00e7os na sa\u00fade de Bras\u00edlia.\t\t\t\t\t<\/p>\r\n\t\t\t\t\t\t\t\t\t<\/div>\r\n\t\t\t\t\t<\/div>\r\n\r\n\t\t\t\t<\/div>\r\n\r\n\t\t\t\t<\/div>\n\t\t\t\t<\/div>\n\t\t\t\t\t<\/div>\n\t\t<\/div>\n\t\t\t\t<div class=\"elementor-column elementor-col-50 elementor-inner-column elementor-element elementor-element-5264c3fb\" data-id=\"5264c3fb\" data-element_type=\"column\">\n\t\t\t<div class=\"elementor-widget-wrap elementor-element-populated\">\n\t\t\t\t\t\t\t\t<div class=\"elementor-element elementor-element-26de8c4a elementor-widget elementor-widget-premium-counter\" data-id=\"26de8c4a\" data-element_type=\"widget\" data-widget_type=\"premium-counter.default\">\n\t\t\t\t<div class=\"elementor-widget-container\">\n\t\t\t\r\n\t\t<div class=\"premium-counter premium-counter-area left\" data-duration=\"3000\" data-from-value=\"0\" data-to-value=\"4\" data-delimiter=\",\" data-rounding=\"0\">\r\n\t\t\t\r\n\t\t<div class=\"premium-counter-icon\">\r\n\r\n\t\t\t<span class=\"icon\" data-animation=\"\">\r\n\r\n\t\t\t\t\t\t\t\t\t<i class=\"premium-svg-nodraw premium-drawable-icon icon icon-doctor\" aria-hidden=\"true\"><\/i>\r\n\t\t\t\t\r\n\t\t\t<\/span>\r\n\t\t<\/div>\r\n\r\n\t\t\r\n\t\t<div class=\"premium-init-wrapper column\">\r\n\r\n\t\t\t<div class=\"premium-counter-value-wrap\">\r\n\t\t\t\t\r\n\t\t\t\t<span class=\"premium-counter-init\" id=\"counter-26de8c4a\">0<\/span>\r\n\r\n\t\t\t\t\t\t\t\t\t<span id=\"suffix\" class=\"counter-su-pre\">+<\/span>\r\n\t\t\t\t\t\t\t<\/div>\r\n\r\n\t\t\t\t\t\t\t<div class=\"premium-counter-title\">\r\n\t\t\t\t\t<p class=\"premium-counter-title-val\">\r\n\t\t\t\t\t\tEspecialistas\t\t\t\t\t<\/p>\r\n\t\t\t\t\t\t\t\t\t<\/div>\r\n\t\t\t\t\t<\/div>\r\n\r\n\t\t\t\t<\/div>\r\n\r\n\t\t\t\t<\/div>\n\t\t\t\t<\/div>\n\t\t\t\t\t<\/div>\n\t\t<\/div>\n\t\t\t\t\t\t\t<\/div>\n\t\t<\/section>\n\t\t\t\t\t<\/div>\n\t\t<\/div>\n\t\t\t\t\t\t\t<\/div>\n\t\t<\/section>\n\t\t\t\t<section class=\"elementor-section elementor-top-section elementor-element elementor-element-891a905 elementor-section-content-middle elementor-reverse-mobile elementor-section-boxed elementor-section-height-default elementor-section-height-default\" data-id=\"891a905\" data-element_type=\"section\" data-settings=\"{&quot;background_background&quot;:&quot;classic&quot;}\">\n\t\t\t\t\t\t\t<div class=\"elementor-background-overlay\"><\/div>\n\t\t\t\t\t\t\t<div class=\"elementor-container elementor-column-gap-default\">\n\t\t\t\t\t<div class=\"elementor-column elementor-col-50 elementor-top-column elementor-element elementor-element-7f093e8b\" data-id=\"7f093e8b\" data-element_type=\"column\" data-settings=\"{&quot;background_background&quot;:&quot;classic&quot;}\">\n\t\t\t<div class=\"elementor-widget-wrap elementor-element-populated\">\n\t\t\t\t\t\t\t\t<div class=\"elementor-element elementor-element-6926a518 elementor-widget elementor-widget-heading\" data-id=\"6926a518\" data-element_type=\"widget\" data-widget_type=\"heading.default\">\n\t\t\t\t<div class=\"elementor-widget-container\">\n\t\t\t<h6 class=\"elementor-heading-title elementor-size-default\">Nossa historia<\/h6>\t\t<\/div>\n\t\t\t\t<\/div>\n\t\t\t\t<div class=\"elementor-element elementor-element-5844ce20 elementor-widget elementor-widget-heading\" data-id=\"5844ce20\" data-element_type=\"widget\" data-widget_type=\"heading.default\">\n\t\t\t\t<div class=\"elementor-widget-container\">\n\t\t\t<h2 class=\"elementor-heading-title elementor-size-default\">Como a Clinicordis  surgiu<\/h2>\t\t<\/div>\n\t\t\t\t<\/div>\n\t\t\t\t<div class=\"elementor-element elementor-element-3ad9e54f elementor-widget elementor-widget-text-editor\" data-id=\"3ad9e54f\" data-element_type=\"widget\" data-widget_type=\"text-editor.default\">\n\t\t\t\t<div class=\"elementor-widget-container\">\n\t\t\t\t\t\t\t<p>No ano de 2006 dois m\u00e9dicos radicados em Bras\u00edlia, optaram por prestar servi\u00e7os na \u00e1rea de sa\u00fade.<\/p><p>Surgia a Clinicordis Bras\u00edlia, uma cl\u00ednica inicialmente criada com a finalidade de oferecer uma presta\u00e7\u00e3o de servi\u00e7os cardiol\u00f3gicos.<\/p><p><br><\/p>\t\t\t\t\t\t<\/div>\n\t\t\t\t<\/div>\n\t\t\t\t\t<\/div>\n\t\t<\/div>\n\t\t\t\t<div class=\"elementor-column elementor-col-50 elementor-top-column elementor-element elementor-element-67123e4b\" data-id=\"67123e4b\" data-element_type=\"column\">\n\t\t\t<div class=\"elementor-widget-wrap elementor-element-populated\">\n\t\t\t\t\t\t\t\t<div class=\"elementor-element elementor-element-5cfc9e7 elementor-blockquote--skin-quotation elementor-blockquote--align-center elementor-blockquote--button-color-official elementor-widget elementor-widget-blockquote\" data-id=\"5cfc9e7\" data-element_type=\"widget\" data-widget_type=\"blockquote.default\">\n\t\t\t\t<div class=\"elementor-widget-container\">\n\t\t\t\t\t<blockquote class=\"elementor-blockquote\">\n\t\t\t<p class=\"elementor-blockquote__content\">\n\t\t\t\t\"O cora\u00e7\u00e3o \u00e9 a divindade dom\u00e9stica que, descarregando sua fun\u00e7\u00e3o, nutre, acalenta, acelera todo o corpo, e \u00e9 de fato a funda\u00e7\u00e3o da vida, a fonte de toda a\u00e7\u00e3o.\"<br>\"The heart is the household divinity which, discharging its function, nourishes, cherishes, quickens the whole body, and is indeed the foundation of life, the source of all action\"\t\t\t<\/p>\n\t\t\t\t\t\t\t<footer>\n\t\t\t\t\t\t\t\t\t\t\t<cite class=\"elementor-blockquote__author\">Prof. Dr. William Harvey<\/cite>\n\t\t\t\t\t\t\t\t\t\t\t\t\t\t<\/footer>\n\t\t\t\t\t<\/blockquote>\n\t\t\t\t<\/div>\n\t\t\t\t<\/div>\n\t\t\t\t\t<\/div>\n\t\t<\/div>\n\t\t\t\t\t\t\t<\/div>\n\t\t<\/section>\n\t\t\t\t\t\t\t<\/div>\n\t\t","protected":false},"excerpt":{"rendered":"<p>Home Sobre n\u00f3s Cl\u00ednica refer\u00eancia em Cardiologia no DF h\u00e1 mais de 17 anos! A CLINICORDIS BRASILIA CLINICA CARDIOL\u00d3GICA foi fundada em julho de 2006, fruto da parceria do Dr. Getro Artiaga(Em mem\u00f3ria) e da Dra. Margarita Bazzano.&nbsp; Buscamos oferecer um atendimento humanizado e com isso tratar o indiv\u00edduo em sua totalidade. Para isso, contamos [&hellip;]<\/p>\n","protected":false},"author":1,"featured_media":0,"parent":0,"menu_order":0,"comment_status":"closed","ping_status":"closed","template":"elementor_header_footer","meta":{"_joinchat":[]},"_links":{"self":[{"href":"https:\/\/clinicordisbrasilia.com.br\/index.php?rest_route=\/wp\/v2\/pages\/186"}],"collection":[{"href":"https:\/\/clinicordisbrasilia.com.br\/index.php?rest_route=\/wp\/v2\/pages"}],"about":[{"href":"https:\/\/clinicordisbrasilia.com.br\/index.php?rest_route=\/wp\/v2\/types\/page"}],"author":[{"embeddable":true,"href":"https:\/\/clinicordisbrasilia.com.br\/index.php?rest_route=\/wp\/v2\/users\/1"}],"replies":[{"embeddable":true,"href":"https:\/\/clinicordisbrasilia.com.br\/index.php?rest_route=%2Fwp%2Fv2%2Fcomments&post=186"}],"version-history":[{"count":22,"href":"https:\/\/clinicordisbrasilia.com.br\/index.php?rest_route=\/wp\/v2\/pages\/186\/revisions"}],"predecessor-version":[{"id":542,"href":"https:\/\/clinicordisbrasilia.com.br\/index.php?rest_route=\/wp\/v2\/pages\/186\/revisions\/542"}],"wp:attachment":[{"href":"https:\/\/clinicordisbrasilia.com.br\/index.php?rest_route=%2Fwp%2Fv2%2Fmedia&parent=186"}],"curies":[{"name":"wp","href":"https:\/\/api.w.org\/{rel}","templated":true}]}}