{"id":3,"date":"2022-11-03T17:22:01","date_gmt":"2022-11-03T17:22:01","guid":{"rendered":"http:\/\/clinicordisbrasilia.com.br\/?page_id=3"},"modified":"2023-08-05T19:13:05","modified_gmt":"2023-08-05T19:13:05","slug":"privacy-policy","status":"publish","type":"page","link":"https:\/\/clinicordisbrasilia.com.br\/?page_id=3","title":{"rendered":"Pol\u00edtica de Privacidade"},"content":{"rendered":"\n<h2 class=\"wp-block-heading\">Quem somos<\/h2>\n\n\n\n<p><a href=\"https:\/\/clinicordisbrasilia.com.br\/?page_id=186\">http:\/\/clinicordisbrasilia.com.br.<\/a><\/p>\n\n\n\n<h2 class=\"wp-block-heading\">INFORMA\u00c7\u00d5ES QUE PODEM SER RECOLHIDAS DE VOC\u00ca<\/h2>\n\n\n\n<p>N\u00f3s podemos coletar e processar os seguintes dados sobre voc\u00ea:<br>As informa\u00e7\u00f5es que voc\u00ea fornecer atrav\u00e9s do preenchimento de formul\u00e1rios em nosso site www.clinicordisbrasilia.com.br ou do whatsapp web. Isso inclui informa\u00e7\u00f5es fornecidas no momento do registro para usar o nosso site, informa\u00e7\u00f5es fornecidas no uso do site ou software, utilizando o nosso servi\u00e7o, envio de material ou solicitar outros servi\u00e7os. <\/p>\n\n\n\n<p>Se voc\u00ea entrar em contato conosco, poderemos manter um registro dessa correspond\u00eancia.<br>Detalhes de transa\u00e7\u00f5es que realizar atrav\u00e9s do nosso site e do cumprimento de todas as ordens.<br>Detalhes das suas visitas ao nosso site, incluindo, mas n\u00e3o limitado a, dados de tr\u00e1fego, dados de localiza\u00e7\u00e3o, weblogs e outros dados de comunica\u00e7\u00e3o, quer esta seja necess\u00e1ria para os nossos pr\u00f3prios fins de seguran\u00e7a ou de outra forma e os recursos que voc\u00ea acessa.<\/p>\n\n\n\n<h2 class=\"wp-block-heading\">INFORMA\u00c7\u00d5ES QUE PODEMOS RECOLHER<\/h2>\n\n\n\n<p>N\u00f3s podemos recolher informa\u00e7\u00f5es sobre seu computador, incluindo, quando dispon\u00edvel, o endere\u00e7o IP, sistema operacional de seu computador, para a nossa administra\u00e7\u00e3o e garantia de seguranca dos sistemas. Estes s\u00e3o dados estat\u00edsticos sobre as a\u00e7\u00f5es dos nossos utilizadores de navega\u00e7\u00e3o e padr\u00f5es, e n\u00e3o o identificam ou a qualquer indiv\u00edduo.<\/p>\n\n\n\n<h2 class=\"wp-block-heading\">COOKIES<\/h2>\n\n\n\n<p>O nosso site usa \u201ccookies\u201d para distingui-lo de outros usu\u00e1rios do nosso site. Os cookies podem coletar informa\u00e7\u00f5es sobre os usu\u00e1rios do nosso site como prefer\u00eancia de idioma e prefer\u00eancias do utilizador. Enquanto os cookies e as informa\u00e7\u00f5es que obt\u00eam n\u00e3o podem identificar um indiv\u00edduo vivo por conta pr\u00f3pria, O site do painel de administra\u00e7\u00e3o usa cookies de sess\u00e3o para fins de seguran\u00e7a e navega\u00e7\u00e3o do site. Esses cookies expiram e s\u00e3o eliminadas no final de uma sess\u00e3o de navega\u00e7\u00e3o. N\u00f3s usamos o Google Analytics para fins de an\u00e1lise e controle do tr\u00e1fego.<\/p>\n\n\n\n<h2 class=\"wp-block-heading\">ONDE ARMAZENAMOS OS SEUS DADOS PESSOAIS<\/h2>\n\n\n\n<p>Os dados que recolhemos de voc\u00ea n\u00e3o ser\u00e3o transferidos ou vendidos a outras empresas ou pessoas. Ele somente ser\u00e1 processado por colaboradores do clinicordis bras\u00edlia e da empresa respons\u00e1vel pelo whatsappweb. Estas pessoas podem estar envolvidas, entre outras coisas relacionadas \u00e0 presta\u00e7\u00e3o de servi\u00e7os de apoio. Ao enviar os seus dados pessoais, voc\u00ea concorda com esta transfer\u00eancia, armazenamento ou processamento. Vamos tomar todas as medidas necess\u00e1rias para assegurar que os seus dados sejam tratados com seguran\u00e7a e de acordo com esta pol\u00edtica de privacidade. Todas as informa\u00e7\u00f5es que voc\u00ea nos fornece s\u00e3o armazenadas nos nossos servidores seguros. Um servidor \u00e9 uma m\u00e1quina que, entre outras e processa dados ou informa\u00e7\u00f5es. Todas as comunica\u00e7\u00f5es ser\u00e3o criptografadas.<br>Infelizmente, a transmiss\u00e3o ou envio de informa\u00e7\u00f5es por voc\u00ea atrav\u00e9s da Internet n\u00e3o \u00e9 completamente segura. Embora fa\u00e7amos o nosso melhor para proteger seus dados pessoais, n\u00e3o podemos garantir a seguran\u00e7a de seus dados transmitidos ou enviados por voc\u00ea para o nosso site, qualquer transmiss\u00e3o ou envio por voc\u00ea \u00e9 a seu pr\u00f3prio risco. Assim que recebermos suas informa\u00e7\u00f5es, usaremos rigorosos procedimentos e recursos de seguran\u00e7a para tentar impedir o acesso n\u00e3o autorizado, ou seja, o acesso aos seus dados por uma pessoa que n\u00e3o deveria ter acesso.<\/p>\n\n\n\n<h2 class=\"wp-block-heading\">UTILIZA\u00c7\u00d5ES DA INFORMA\u00c7\u00c3O<\/h2>\n\n\n\n<p>N\u00f3s usamos as informa\u00e7\u00f5es armazenadas sobre voc\u00ea das seguintes maneiras:<br>Para realizar nossas obriga\u00e7\u00f5es ou deveres decorrentes de quaisquer contratos ou assinaturas celebrados entre n\u00f3s e voc\u00ea. Como por exemplo informa\u00e7\u00f5es sobre Faturamento (Nota fiscal e boleto). Para notific\u00e1-lo sobre altera\u00e7\u00f5es em nossos servi\u00e7os<\/p>\n\n\n\n<h2 class=\"wp-block-heading\">DIVULGA\u00c7\u00c3O DAS SUAS INFORMA\u00c7\u00d5ES<\/h2>\n\n\n\n<p>Podemos revelar as suas informa\u00e7\u00f5es pessoais para terceiros:<br>No evento de emiss\u00e3o de Nota Fiscal Eletr\u00f4nica de Servi\u00e7os com a Secretaria de Fazenda do Distrito Federal.<br>Para elabora\u00e7\u00e3o de nossos demonstrativos cont\u00e1beis com a Empresa EBC CONTABILIDADE e Medware.<br>Se a Clinicordis Bras\u00edlia ou substancialmente todos os seus ativos sejam adquiridos por terceiros, caso em que os dados pessoais detidos por ela sobre seus clientes ser\u00e1 um dos ativos transferidos.<br>Se estamos sob o dever de divulgar ou compartilhar seus dados pessoais, a fim de cumprir qualquer obriga\u00e7\u00e3o legal, ou para fazer cumprir ou aplicar os nossos termos de uso e outros acordos, ou para proteger os direitos, propriedade ou seguran\u00e7a da Clinicordis Bras\u00edlia, nossos clientes, ou outros.<br>Se por motivos jur\u00eddicos for solicitada.<\/p>\n\n\n\n<h2 class=\"wp-block-heading\">ACESSO \u00c0 INFORMA\u00c7\u00c3O<\/h2>\n\n\n\n<p>A lei lhe d\u00e1 o direito de acesso \u00e0 informa\u00e7\u00e3o detida sobre voc\u00ea. O seu direito de acesso pode ser exercido de acordo com a lei.<\/p>\n\n\n\n<h2 class=\"wp-block-heading\">ALTERA\u00c7\u00d5ES \u00c0 NOSSA POL\u00cdTICA DE PRIVACIDADE<\/h2>\n\n\n\n<p>Quaisquer altera\u00e7\u00f5es que possamos fazer a nossa pol\u00edtica de privacidade no futuro ser\u00e3o publicadas nesta p\u00e1gina e, se for o caso, notificada a por e-mail.<\/p>\n\n\n\n<h2 class=\"wp-block-heading\">CONTATO<\/h2>\n\n\n\n<p>Perguntas, coment\u00e1rios e pedidos relativos a esta pol\u00edtica de privacidade s\u00e3o bem-vindos e devem ser enviadas para o e-mail encarregadoclinicordisdf@gmail.com <\/p>\n\n\n\n<p><\/p>\n\n\n\n<p><\/p>\n\n\n\n<p><\/p>\n","protected":false},"excerpt":{"rendered":"<p>Quem somos http:\/\/clinicordisbrasilia.com.br. INFORMA\u00c7\u00d5ES QUE PODEM SER RECOLHIDAS DE VOC\u00ca N\u00f3s podemos coletar e processar os seguintes dados sobre voc\u00ea:As informa\u00e7\u00f5es que voc\u00ea fornecer atrav\u00e9s do preenchimento de formul\u00e1rios em nosso site www.clinicordisbrasilia.com.br ou do whatsapp web. Isso inclui informa\u00e7\u00f5es fornecidas no momento do registro para usar o nosso site, informa\u00e7\u00f5es fornecidas no uso do [&hellip;]<\/p>\n","protected":false},"author":1,"featured_media":0,"parent":0,"menu_order":0,"comment_status":"closed","ping_status":"closed","template":"","meta":{"_joinchat":[]},"_links":{"self":[{"href":"https:\/\/clinicordisbrasilia.com.br\/index.php?rest_route=\/wp\/v2\/pages\/3"}],"collection":[{"href":"https:\/\/clinicordisbrasilia.com.br\/index.php?rest_route=\/wp\/v2\/pages"}],"about":[{"href":"https:\/\/clinicordisbrasilia.com.br\/index.php?rest_route=\/wp\/v2\/types\/page"}],"author":[{"embeddable":true,"href":"https:\/\/clinicordisbrasilia.com.br\/index.php?rest_route=\/wp\/v2\/users\/1"}],"replies":[{"embeddable":true,"href":"https:\/\/clinicordisbrasilia.com.br\/index.php?rest_route=%2Fwp%2Fv2%2Fcomments&post=3"}],"version-history":[{"count":2,"href":"https:\/\/clinicordisbrasilia.com.br\/index.php?rest_route=\/wp\/v2\/pages\/3\/revisions"}],"predecessor-version":[{"id":543,"href":"https:\/\/clinicordisbrasilia.com.br\/index.php?rest_route=\/wp\/v2\/pages\/3\/revisions\/543"}],"wp:attachment":[{"href":"https:\/\/clinicordisbrasilia.com.br\/index.php?rest_route=%2Fwp%2Fv2%2Fmedia&parent=3"}],"curies":[{"name":"wp","href":"https:\/\/api.w.org\/{rel}","templated":true}]}}